{"id":640,"date":"2018-11-26T19:11:50","date_gmt":"2018-11-26T18:11:50","guid":{"rendered":"http:\/\/ogorzeliny.pelplin.home.pl\/ogorzeliny\/?page_id=640"},"modified":"2018-11-26T19:39:47","modified_gmt":"2018-11-26T18:39:47","slug":"orzelek","status":"publish","type":"page","link":"http:\/\/ogorzeliny.pelplin.home.pl\/ogorzeliny\/index.php\/orzelek\/","title":{"rendered":"Orze\u0142ek"},"content":{"rendered":"<p style=\"text-align: justify;\">Jego Eks\u00adce\u00adlen\u00adcja ksi\u0105dz Biskup Ryszard Kasy\u00adna 13 pa\u017a\u00addzier\u00adni\u00adka 2015 roku, maj\u0105c na uwa\u00addze potrze\u00adby wier\u00adnych Die\u00adce\u00adzji Pel\u00adpli\u0144\u00adskiej zgod\u00adnie z kano\u00adnem 114&nbsp;\u00a7 Kodek\u00adsu Pra\u00adwa Kano\u00adnicz\u00adne\u00adgo powo\u00ad\u0142a\u0142 do ist\u00adnie\u00adnia <strong>Die\u00adce\u00adzjal\u00adne Cen\u00adtrum Inte\u00adgra\u00adcji Spo\u00ad\u0142ecz\u00adnej i Edu\u00adka\u00adcji Eko\u00adlo\u00adgicz\u00adnej w Orze\u0142\u00adku<\/strong> z sie\u00addzi\u00adb\u0105 w Ogo\u00adrze\u00adli\u00adnach i nada\u0142 mu ko\u015bciel\u00adn\u0105 oso\u00adbo\u00adwo\u015b\u0107 praw\u00adn\u0105.&nbsp;Ksi\u0105dz Piotr Bekisch zosta\u0142 mia\u00adno\u00adwa\u00adny jego dyrektorem.<\/p>\n<p style=\"text-align: justify;\">Cen\u00adtrum powsta\u00adje jako Dom Reko\u00adlek\u00adcyj\u00adno-Wypo\u00adczyn\u00adko\u00adwy Die\u00adce\u00adzji Pel\u00adpli\u0144\u00adskiej i b\u0119dzie pro\u00adwa\u00addzi\u00ad\u0142o swo\u00adj\u0105 dzia\u00ad\u0142al\u00adno\u015b\u0107 w opar\u00adciu o zatwier\u00addzo\u00adny sta\u00adtut. Ksi\u0105dz Biskup udzie\u00adla wszyst\u00adkim zaan\u00adga\u00ad\u017co\u00adwa\u00adnym w dzia\u00ad\u0142al\u00adno\u015b\u0107 Cen\u00adtrum swo\u00adje\u00adgo b\u0142ogos\u0142awie\u0144stwa.<\/p>\n<p style=\"text-align: justify;\">Wszyst\u00adkich przy\u00adja\u00adci\u00f3\u0142 i ludzi dobrej woli pro\u00adsi\u00admy o pomoc i wspar\u00adcie budowy.<\/p>\n<p style=\"text-align: justify;\">Numer kon\u00adta: <strong>26 8146 0003 0000 0971 2000&nbsp;0010<\/strong><\/p>\n<p style=\"text-align: justify;\">\n<\/p>","protected":false},"excerpt":{"rendered":"<p>Jego Eks\u00adce\u00adlen\u00adcja ksi\u0105dz Biskup Ryszard Kasy\u00adna 13 pa\u017a\u00addzier\u00adni\u00adka 2015 roku, maj\u0105c na uwa\u00addze potrze\u00adby wier\u00adnych Die\u00adce\u00adzji Pel\u00adpli\u0144\u00adskiej zgod\u00adnie z kano\u00adnem 114&nbsp;\u00a7 Kodek\u00adsu Pra\u00adwa Kano\u00adnicz\u00adne\u00adgo powo\u00ad\u0142a\u0142 do ist\u00adnie\u00adnia Die\u00adce\u00adzjal\u00adne Cen\u00adtrum Inte\u00adgra\u00adcji Spo\u00ad\u0142ecz\u00adnej i Edu\u00adka\u00adcji Eko\u00adlo\u00adgicz\u00adnej w Orze\u0142\u00adku z sie\u00addzi\u00adb\u0105 w Ogo\u00adrze\u00adli\u00adnach i nada\u0142 mu ko\u015bciel\u00adn\u0105 oso\u00adbo\u00adwo\u015b\u0107 praw\u00adn\u0105.&nbsp;Ksi\u0105dz Piotr Bekisch zosta\u0142 mia\u00adno\u00adwa\u00adny jego dyrek\u00adto\u00adrem. Cen\u00adtrum powsta\u00adje&nbsp;jako&nbsp;[\u2026]<\/p>\n","protected":false},"author":1,"featured_media":0,"parent":0,"menu_order":0,"comment_status":"closed","ping_status":"closed","template":"","meta":{"wp_typography_post_enhancements_disabled":false,"ngg_post_thumbnail":0,"footnotes":""},"class_list":["post-640","page","type-page","status-publish","hentry"],"_links":{"self":[{"href":"http:\/\/ogorzeliny.pelplin.home.pl\/ogorzeliny\/index.php\/wp-json\/wp\/v2\/pages\/640","targetHints":{"allow":["GET"]}}],"collection":[{"href":"http:\/\/ogorzeliny.pelplin.home.pl\/ogorzeliny\/index.php\/wp-json\/wp\/v2\/pages"}],"about":[{"href":"http:\/\/ogorzeliny.pelplin.home.pl\/ogorzeliny\/index.php\/wp-json\/wp\/v2\/types\/page"}],"author":[{"embeddable":true,"href":"http:\/\/ogorzeliny.pelplin.home.pl\/ogorzeliny\/index.php\/wp-json\/wp\/v2\/users\/1"}],"replies":[{"embeddable":true,"href":"http:\/\/ogorzeliny.pelplin.home.pl\/ogorzeliny\/index.php\/wp-json\/wp\/v2\/comments?post=640"}],"version-history":[{"count":6,"href":"http:\/\/ogorzeliny.pelplin.home.pl\/ogorzeliny\/index.php\/wp-json\/wp\/v2\/pages\/640\/revisions"}],"predecessor-version":[{"id":649,"href":"http:\/\/ogorzeliny.pelplin.home.pl\/ogorzeliny\/index.php\/wp-json\/wp\/v2\/pages\/640\/revisions\/649"}],"wp:attachment":[{"href":"http:\/\/ogorzeliny.pelplin.home.pl\/ogorzeliny\/index.php\/wp-json\/wp\/v2\/media?parent=640"}],"curies":[{"name":"wp","href":"https:\/\/api.w.org\/{rel}","templated":true}]}}